{"id":5649,"date":"2021-08-10T13:53:48","date_gmt":"2021-08-10T11:53:48","guid":{"rendered":"https:\/\/www.alpinegreenexperience.com\/__trashed-3\/"},"modified":"2025-02-11T14:46:57","modified_gmt":"2025-02-11T13:46:57","slug":"__trashed-3","status":"publish","type":"page","link":"https:\/\/www.alpinegreenexperience.com\/en\/","title":{"rendered":"Home page"},"content":{"rendered":"<h1>\n<h5 style=\"text-align: center;\">.<\/p>\n<\/h5>\n<\/h1>\n<div>\n<p dir=\"ltr\" class=\"CDt4Ke zfr3Q\" style=\"text-align: center;\"><span class=\" jgG6ef\"><strong>A unique and eco-friendly experience in three countries around Mont Blanc\u00a0<\/strong><\/span><\/p>\n<\/div>\n<h2>\n<p dir=\"ltr\" class=\"CDt4Ke zfr3Q\" style=\"text-align: center;\"><b>Alpine Green Experience<br \/><\/b><\/p>\n<\/h2>\n<div>\n<h5 dir=\"ltr\"><\/h5>\n<h5 dir=\"ltr\" style=\"text-align: right;\"><strong>We are a DMC (Destination\u00a0 Management Company) who offers an innovative tourism product in the Alps around Mont Blanc\u00a0<\/strong><\/h5>\n<h5 dir=\"ltr\" style=\"text-align: right;\"><strong>We are here to help you with the professional organisation of a safe, eco-friendly and evocative holiday<\/strong><\/h5>\n<h5 dir=\"ltr\" style=\"text-align: right;\"><\/h5>\n<\/div>\n<div>\n<ul>\n<li style=\"text-align: left;\"><strong>Green mobility <\/strong>with our electric convertible cars;\u00a0<\/li>\n<li dir=\"ltr\" class=\"CDt4Ke zfr3Q\" style=\"text-align: left;\"><span><strong>Hospitality<\/strong> in exclusive and luxurious Hotels,<\/span><span> 4 and 3 Stars <span style=\"font-weight: 400;\">Superior<\/span>\u00a0Hotels, family mansions;\u00a0<\/span><\/li>\n<li dir=\"ltr\" class=\"CDt4Ke zfr3Q\" style=\"text-align: left;\"><strong>Sport<\/strong>: Hiking &#8211; Biking &#8211; Golf &#8211; Fishing &#8211;\u00a0 Paragliding &#8211; Hot air balloon &#8211; Rafting &#8211; Ski;<\/li>\n<li dir=\"ltr\" class=\"CDt4Ke zfr3Q\" style=\"text-align: left;\"><span><strong>Gastronomy<\/strong>: zero mile restaurants, visit to local farmers and growers, discovery of the mountain <i><span style=\"font-weight: 400;\">Heroic Wines<\/span><\/i>;<\/span><\/li>\n<li dir=\"ltr\" style=\"text-align: left;\"><strong>Alpine culture<\/strong>: Aosta and its Romanity, Martigny and its <i><span style=\"font-weight: 400;\">Espace Gianadda<\/span><\/i>, Chamonix Mont-Blanc the <i><span style=\"font-weight: 400;\">Capital of the Alps<\/span><\/i>, castles and medieval residences, monasteries and historical passes;\u00a0<\/li>\n<li dir=\"ltr\" class=\"CDt4Ke zfr3Q\" style=\"text-align: left;\"><span><\/span><span><strong>Relax, spas and wellness<\/strong><\/span><\/li>\n<\/ul>\n<\/div>\n<h2>\n<p>Our products<\/p>\n<\/h2>\n<ul>\n<li>\n<p>        <img decoding=\"async\" src=\"\/wp-content\/uploads\/2022\/10\/Educ_tour_stampa_settembre-2022-Piter-Parcous-_Ph.-Moreno_Vignolini100-1024x683-1.jpeg\" alt=\"\"><\/p>\n<h3>Green Mont Blanc Tour &#8211; Atmosphere <\/h3>\n<div>\n<h6>Exclusive experience with overnight stays in <em>Atmospheric Chalets<\/em> Hotels<\/p>\n<p>Eco-friendly mobility with our new electric Fiat 500 convertible cars<\/h6>\n<h6><\/h6>\n<\/div>\n<p><a href=\"\/en\/atmosphere-green-mont-blanc-tour\/\">More details<\/a><\/p>\n<\/li>\n<li>\n<p>        <img decoding=\"async\" src=\"\/wp-content\/uploads\/2024\/11\/Alpine-Green-Experience-Strada-500-Cabrio-8-Moreno-Vignolini-scaled.jpg\" alt=\"\"><\/p>\n<h3>Green Mont Blanc Tour &#8211; Small Alpine Towns<\/h3>\n<div>\n<h6>Dinamic experience with overnight stays in high standard city Hotels<\/p>\n<p>Eco-friendly mobility with our new electric Fiat 500 convertible cars<\/h6>\n<h6><\/h6>\n<\/div>\n<p><a href=\"\/en\/green-mont-blanc-tour-small-alpine-towns\">More details<\/a><\/p>\n<\/li>\n<\/ul>\n<div>\n<h5 style=\"text-align: center;\"><strong>Three countries, three cultures, three cuisines around the highest peak of the Alps. <\/strong><strong>A 7-day Tour driving an electric convertible Fiat 500 through scenic Alpine passes&#8230; <\/strong><\/h5>\n<h4 style=\"text-align: center;\"><strong>This is the Green Mont Blanc Tour<\/strong><\/h4>\n<\/div>\n<p><img decoding=\"async\" src=\"\/wp-content\/uploads\/2022\/10\/Cartinadelux.jpg\" alt=\"\"><\/p>\n<h2><strong>An eco-friendly dream<\/strong><\/h2>\n<div>\n<p style=\"text-align: justify;\"><strong>Alpine Green Experience <\/strong>is a project whose aim is to involve each guest in a sustainable tourism journey.\u00a0 Environmentally friendly mobility is for us the best way to visit the Alps and discover the <i><span style=\"font-weight: 400;\">Espace Mont-Blanc<\/span><\/i> territory in all its authenticity. <b>Alpine Green Experience<\/b> is a Tour Operator, with electric car rental licence, partnered with a range of B&amp;Bs and hotels representing at their best the Alpine culture, hospitality, gastronomy and wine traditions.\u00a0<\/p>\n<p style=\"text-align: justify;\">In 2021, thanks to the innovation Partnership <i><span style=\"font-weight: 400;\">Parcours i-tin\u00e9rants autour du Mont-Blanc <\/span><\/i>awarding, our idea was implemented. <strong><i><span style=\"font-weight: 400;\">Parcours <\/span><\/i><\/strong>is a project funded on the axis 1 &#8220;Applied innovation&#8221; of the cross-border Cooperation Program INTERREG between France and Italy ALCOTRA 2014-2020 and has been one of the five PITER (Urban Integrated Planning) projects named <i><span style=\"font-weight: 400;\">PARCOURS, a heritage, an identity, a shared path<\/span><\/i>.\u00a0\u00a0<\/p>\n<p style=\"text-align: justify;\"><span>The project aims at developing an interactive and innovative network of\u00a0 players promoting a gentle fruition of the <\/span><i><span style=\"font-weight: 400;\">Espace Mont-Blanc <\/span><\/i><span>territory on the Italian, French and Swiss sides of the massif. The three involved territories are working to organise a new eco-friendly tourism industry on a cross-border level while promoting experiences which include sustainable and leisure mobility.\u00a0<\/span><\/p>\n<p><i><span style=\"font-weight: 400;\">Parcours i-tin\u00e9rant autour du Mont-Blanc <\/span><\/i>brings together the following partners: for Aosta Valley, the leading Unit\u00e9 des Communes Vald\u00f4taines Grand-Combin, the Unit\u00e9 des Communes Vald\u00f4taines Grand-Paradis, the Unit\u00e9 des Communes Vald\u00f4taines Valdigne Mont-Blanc and the Aosta Valley Chamber of businesses and professions; for France, the Communaut\u00e9 des Communes Pays du Mont-Blanc and the Communaut\u00e9 des Communes Vall\u00e9e de Chamonix Mont-Blanc; for Switzerland, the Canton du Valais and the Centre de Recherches Energ\u00e9tiques et Municipales in Martigny (CREM).<\/p>\n<p style=\"text-align: justify;\">\n<\/div>\n<p><img decoding=\"async\" src=\"\/wp-content\/uploads\/2022\/10\/PARCOURS2_ALCOTRA_HORIZONTAL-1.jpg\" alt=\"\"><\/p>\n<p><!--more--><br \/>\n<!-- {\"name\":\"Home\",\"type\":\"layout\",\"children\":[{\"type\":\"section\",\"props\":{\"style\":\"default\",\"width\":\"default\",\"vertical_align\":\"\",\"title_position\":\"top-left\",\"title_rotation\":\"left\",\"title_breakpoint\":\"\",\"image_position\":\"center-center\",\"video\":\"\",\"header_transparent_noplaceholder\":true,\"padding_remove_top\":false,\"overlap\":false,\"padding_remove_horizontal\":false,\"padding_remove_bottom\":true,\"title\":\"\",\"video_height\":\"600\",\"text_color\":\"light\"},\"children\":[{\"type\":\"row\",\"props\":{\"column_gap\":\"small\",\"row_gap\":\"small\",\"margin_remove_top\":false,\"margin_remove_bottom\":false,\"margin\":\"small\",\"match\":false},\"children\":[{\"type\":\"column\",\"props\":{\"position_sticky_breakpoint\":\"m\",\"image_position\":\"center-center\",\"media_overlay_gradient\":\"\"},\"children\":[]}]}]},{\"type\":\"section\",\"props\":{\"style\":\"default\",\"width\":\"default\",\"vertical_align\":\"\",\"title_position\":\"top-left\",\"title_rotation\":\"left\",\"title_breakpoint\":\"xl\",\"image_position\":\"center-center\",\"video\":\"wp-content\\\/uploads\\\/2023\\\/03\\\/Untitled-video-Made-with-Clipchamp-5.mp4\",\"header_transparent_noplaceholder\":true,\"padding_remove_top\":false,\"overlap\":false,\"padding_remove_horizontal\":false,\"padding_remove_bottom\":false,\"padding\":\"large\",\"title\":\"AGE\",\"text_color\":\"light\",\"video_width\":\"1000\",\"video_height\":\"1000\"},\"children\":[{\"type\":\"row\",\"children\":[{\"type\":\"column\",\"props\":{\"image_position\":\"center-center\",\"media_overlay_gradient\":\"\",\"position_sticky_breakpoint\":\"m\"},\"children\":[{\"type\":\"headline\",\"props\":{\"title_element\":\"h1\",\"content\":\"\n\n<h5 style=\\\"text-align: center;\\\">.<br \\\/><br \\\/><br \\\/><br \\\/><br \\\/><br \\\/><br \\\/><br \\\/><br \\\/><br \\\/><br \\\/><br \\\/><br \\\/><br \\\/><br \\\/><br \\\/><br \\\/><br \\\/><br \\\/><br \\\/><\\\/h5>\",\"title_style\":\"heading-large\",\"title_color\":\"secondary\"}}]}],\"props\":{\"column_gap\":\"small\",\"divider\":false,\"margin_remove_top\":false,\"match\":false}}]},{\"type\":\"section\",\"props\":{\"style\":\"default\",\"width\":\"default\",\"vertical_align\":\"middle\",\"title_position\":\"top-left\",\"title_rotation\":\"left\",\"title_breakpoint\":\"xl\",\"image_position\":\"center-center\",\"image\":\"\",\"overlap\":true,\"padding\":\"small\",\"media_visibility\":\"s\"},\"children\":[{\"name\":\"\",\"type\":\"row\",\"children\":[{\"name\":\"\",\"type\":\"column\",\"props\":{\"image_position\":\"center-center\",\"media_overlay_gradient\":\"\",\"width_medium\":\"1-1\",\"position_sticky_breakpoint\":\"m\"},\"children\":[{\"name\":\"\",\"type\":\"headline\",\"props\":{\"title_element\":\"div\",\"title_style\":\"h4\",\"title_color\":\"primary\",\"content\":\"\n\n<p dir=\\\"ltr\\\" class=\\\"CDt4Ke zfr3Q\\\" style=\\\"text-align: center;\\\"><span class=\\\" jgG6ef\\\"><strong>A unique and eco-friendly experience in three countries around Mont Blanc\\u00a0<\\\/strong><\\\/span><\\\/p>\"}},{\"name\":\"\",\"type\":\"headline\",\"props\":{\"title_element\":\"h2\",\"title_style\":\"heading-large\",\"animation\":\"slide-left-small\",\"content\":\"\n\n<p dir=\\\"ltr\\\" class=\\\"CDt4Ke zfr3Q\\\" style=\\\"text-align: center;\\\"><b>Alpine Green Experience<br \\\/><\\\/b><\\\/p>\",\"margin_remove_top\":true,\"block_align\":\"center\"}}]}]}]},{\"type\":\"section\",\"props\":{\"style\":\"muted\",\"width\":\"default\",\"vertical_align\":\"middle\",\"title_position\":\"top-left\",\"title_rotation\":\"left\",\"title_breakpoint\":\"xl\",\"image_position\":\"center-center\",\"image\":\"\",\"overlap\":true,\"padding\":\"small\",\"media_visibility\":\"s\"},\"children\":[{\"name\":\"\",\"type\":\"row\",\"children\":[{\"name\":\"\",\"type\":\"column\",\"props\":{\"image_position\":\"center-center\",\"media_overlay_gradient\":\"\",\"width_medium\":\"1-2\",\"position_sticky_breakpoint\":\"m\"},\"children\":[{\"name\":\"\",\"type\":\"text\",\"props\":{\"margin\":\"\",\"column_breakpoint\":\"m\",\"maxwidth\":\"large\",\"maxwidth_breakpoint\":\"s\",\"margin_remove_bottom\":false,\"content\":\"\n\n<h5 dir=\\\"ltr\\\"><\\\/h5>\\n\n\n<h5 dir=\\\"ltr\\\" style=\\\"text-align: right;\\\"><strong>We are a DMC (Destination\\u00a0 Management Company) who offers an innovative tourism product in the Alps around Mont Blanc\\u00a0<\\\/strong><\\\/h5>\\n\n\n<h5 dir=\\\"ltr\\\" style=\\\"text-align: right;\\\"><strong>We are here to help you with the professional organisation of a safe, eco-friendly and evocative holiday<\\\/strong><\\\/h5>\\n\n\n<h5 dir=\\\"ltr\\\" style=\\\"text-align: right;\\\"><\\\/h5>\",\"position\":\"relative\",\"position_right\":\"0\",\"position_bottom\":\"0\"}}]},{\"type\":\"column\",\"props\":{\"position_sticky_breakpoint\":\"m\",\"image_position\":\"center-center\",\"media_overlay_gradient\":\"\",\"width_medium\":\"1-2\"},\"children\":[{\"name\":\"\",\"type\":\"text\",\"props\":{\"margin\":\"\",\"column_breakpoint\":\"m\",\"maxwidth\":\"large\",\"maxwidth_breakpoint\":\"s\",\"margin_remove_bottom\":false,\"content\":\"\n\n<ul>\\n\n\n<li style=\\\"text-align: left;\\\"><strong>Green mobility <\\\/strong>with our electric convertible cars;\\u00a0<\\\/li>\\n\n\n<li dir=\\\"ltr\\\" class=\\\"CDt4Ke zfr3Q\\\" style=\\\"text-align: left;\\\"><span><strong>Hospitality<\\\/strong> in exclusive and luxurious Hotels,<\\\/span><span> 4 and 3 Stars <span style=\\\"font-weight: 400;\\\">Superior<\\\/span>\\u00a0Hotels, family mansions;\\u00a0<\\\/span><\\\/li>\\n\n\n<li dir=\\\"ltr\\\" class=\\\"CDt4Ke zfr3Q\\\" style=\\\"text-align: left;\\\"><strong>Sport<\\\/strong>: Hiking - Biking - Golf - Fishing -\\u00a0 Paragliding - Hot air balloon - Rafting - Ski;<\\\/li>\\n\n\n<li dir=\\\"ltr\\\" class=\\\"CDt4Ke zfr3Q\\\" style=\\\"text-align: left;\\\"><span><strong>Gastronomy<\\\/strong>: zero mile restaurants, visit to local farmers and growers, discovery of the mountain <i><span style=\\\"font-weight: 400;\\\">Heroic Wines<\\\/span><\\\/i>;<\\\/span><\\\/li>\\n\n\n<li dir=\\\"ltr\\\" style=\\\"text-align: left;\\\"><strong>Alpine culture<\\\/strong>: Aosta and its Romanity, Martigny and its <i><span style=\\\"font-weight: 400;\\\">Espace Gianadda<\\\/span><\\\/i>, Chamonix Mont-Blanc the <i><span style=\\\"font-weight: 400;\\\">Capital of the Alps<\\\/span><\\\/i>, castles and medieval residences, monasteries and historical passes;\\u00a0<\\\/li>\\n\n\n<li dir=\\\"ltr\\\" class=\\\"CDt4Ke zfr3Q\\\" style=\\\"text-align: left;\\\"><span><\\\/span><span><strong>Relax, spas and wellness<\\\/strong><\\\/span><\\\/li>\\n<\\\/ul>\",\"position\":\"relative\",\"position_right\":\"0\",\"position_bottom\":\"0\"}}]}],\"props\":{\"layout\":\"1-2,1-2\"}}]},{\"name\":\"Journal\",\"type\":\"section\",\"props\":{\"style\":\"default\",\"width\":\"xlarge\",\"vertical_align\":\"middle\",\"title_position\":\"top-left\",\"title_rotation\":\"left\",\"title_breakpoint\":\"xl\",\"image_position\":\"top-center\",\"padding\":\"small\",\"image\":\"wp-content\\\/uploads\\\/2021\\\/08\\\/heroSfumatoVda.jpg\",\"overlap\":true,\"image_size\":\"cover\",\"image_effect\":\"parallax\",\"image_width\":\"2560\",\"padding_remove_top\":false,\"media_overlay_gradient\":\"linear-gradient(rgba(255,255,255,1) 0%, rgba(255,255,255,0) 10%),  linear-gradient( rgba(255,255,255,0) 40%, rgba(255,255,255,1) 96%)\",\"image_parallax_bgy_end\":\"-60\"},\"children\":[{\"type\":\"row\",\"children\":[{\"type\":\"column\",\"props\":{\"image_position\":\"center-center\",\"media_overlay_gradient\":\"\",\"position_sticky_breakpoint\":\"m\"},\"children\":[{\"name\":\"\",\"type\":\"headline\",\"props\":{\"title_element\":\"h2\",\"title_style\":\"heading-medium\",\"text_align\":\"center\",\"content\":\"\n\n<p>Our products<br \\\/><br \\\/><\\\/p>\",\"margin_remove_top\":true,\"margin_remove_bottom\":false,\"title_color\":\"primary\"}},{\"type\":\"grid\",\"props\":{\"show_title\":true,\"show_meta\":false,\"show_content\":true,\"show_image\":true,\"show_link\":true,\"grid_default\":\"1\",\"grid_medium\":\"2\",\"filter_style\":\"tab\",\"filter_all\":true,\"filter_position\":\"top\",\"filter_align\":\"left\",\"filter_grid_width\":\"auto\",\"filter_grid_breakpoint\":\"m\",\"title_hover_style\":\"reset\",\"title_element\":\"h3\",\"title_align\":\"top\",\"title_grid_width\":\"1-2\",\"title_grid_breakpoint\":\"m\",\"meta_style\":\"meta\",\"meta_align\":\"below-title\",\"meta_element\":\"div\",\"content_column_breakpoint\":\"m\",\"icon_width\":80,\"image_align\":\"top\",\"image_grid_width\":\"1-2\",\"image_grid_breakpoint\":\"m\",\"image_svg_color\":\"emphasis\",\"link_text\":\"Scopri di pi\\u00f9\",\"link_style\":\"default\",\"margin\":\"\",\"item_animation\":true,\"panel_style\":\"card-default\",\"panel_link\":true,\"title_color\":\"primary\",\"grid_large\":\"3\",\"grid_column_gap\":\"small\",\"title_style\":\"h5\",\"panel_image_no_padding\":true,\"panel_padding\":\"small\",\"grid_column_align\":false,\"grid_row_align\":false,\"block_align\":\"center\",\"container_padding_remove\":true},\"children\":[{\"type\":\"grid_item\",\"props\":{\"title\":\"Green Mont Blanc Tour - Atmosphere \",\"image\":\"wp-content\\\/uploads\\\/2022\\\/10\\\/Educ_tour_stampa_settembre-2022-Piter-Parcous-_Ph.-Moreno_Vignolini100-1024x683-1.jpeg\",\"link\":\"en\\\/atmosphere-green-mont-blanc-tour\\\/\",\"content\":\"\n\n<h6>Exclusive experience with overnight stays in <em>Atmospheric Chalets<\\\/em> Hotels<br \\\/><br \\\/>Eco-friendly mobility with our new electric Fiat 500 convertible cars<\\\/h6>\\n\n\n<h6><\\\/h6>\",\"link_text\":\"More details\"}},{\"type\":\"grid_item\",\"props\":{\"title\":\"Green Mont Blanc Tour - Small Alpine Towns\",\"image\":\"wp-content\\\/uploads\\\/2024\\\/11\\\/Alpine-Green-Experience-Strada-500-Cabrio-8-Moreno-Vignolini-scaled.jpg\",\"link\":\"en\\\/green-mont-blanc-tour-small-alpine-towns\",\"content\":\"\n\n<h6>Dinamic experience with overnight stays in high standard city Hotels<br \\\/><br \\\/>Eco-friendly mobility with our new electric Fiat 500 convertible cars<\\\/h6>\\n\n\n<h6><\\\/h6>\",\"link_text\":\"More details\"}},{\"type\":\"grid_item\",\"props\":{\"title\":\"Deluxe Green Mont Blanc Tour \",\"image\":\"wp-content\\\/uploads\\\/2022\\\/10\\\/adrien-verbier.jpg\",\"link\":\"\",\"meta\":\"\",\"content\":\"\n\n<h6>Exclusive experience with overnight stays in the most refined Alpine Hotels<br \\\/><br \\\/>Eco-friendly mobility with our new electric Fiat 500 convertible cars<\\\/h6>\\n\n\n<h6><\\\/h6>\",\"status\":\"disabled\"}},{\"type\":\"grid_item\",\"props\":{\"title\":\"Family Green Mont Blanc Tour\",\"image\":\"wp-content\\\/uploads\\\/2022\\\/01\\\/foto-famiglia.jpeg\",\"link\":\"\",\"content\":\"\n\n<h6>Exclusive experience with overnight stays in family-run Hotels and B&amp;Bs<br \\\/><br \\\/>Eco-friendly mobility with our new electric Fiat 500 convertible cars<\\\/h6>\",\"status\":\"disabled\"}},{\"type\":\"grid_item\",\"props\":{\"title\":\"Gastronomic Green Mont Blanc Tour\",\"image\":\"wp-content\\\/uploads\\\/2021\\\/08\\\/triolet7.jpg\",\"link\":\"\",\"status\":\"disabled\"}},{\"type\":\"grid_item\",\"props\":{\"title\":\"Alpine Sport Green Mont Blanc Tour\",\"image\":\"wp-content\\\/uploads\\\/2021\\\/08\\\/eMountainBikeVDA9.jpg\",\"link\":\"\",\"status\":\"disabled\"}},{\"type\":\"grid_item\",\"props\":{\"title\":\"Culture Green Mont Blanc Tour\",\"image\":\"wp-content\\\/uploads\\\/2021\\\/08\\\/MedioevoinAltaValle-dAosta2.jpeg\",\"link\":\"\",\"status\":\"disabled\"}},{\"type\":\"grid_item\",\"props\":{\"title\":\"Wellness Green Mont Blanc Tour\",\"image\":\"wp-content\\\/uploads\\\/2022\\\/08\\\/Serena-bike.jpg\",\"link\":\"\",\"status\":\"disabled\"}},{\"type\":\"grid_item\",\"props\":{\"title\":\"Alpine Energy Green Mont Blanc Tour\",\"image\":\"wp-content\\\/uploads\\\/2021\\\/08\\\/GiridEnergiaconCVA0.jpeg\",\"link\":\"\",\"status\":\"disabled\"}}]}]}],\"props\":{\"width\":\"default\"}}]},{\"type\":\"section\",\"props\":{\"style\":\"primary\",\"width\":\"default\",\"vertical_align\":\"middle\",\"title_position\":\"top-left\",\"title_rotation\":\"left\",\"title_breakpoint\":\"xl\",\"image_position\":\"center-center\"},\"children\":[{\"type\":\"row\",\"children\":[{\"type\":\"column\",\"props\":{\"position_sticky_breakpoint\":\"m\",\"image_position\":\"center-center\",\"media_overlay_gradient\":\"\"},\"children\":[{\"type\":\"text\",\"props\":{\"margin\":\"default\",\"column_breakpoint\":\"m\",\"content\":\"\n\n<h5 style=\\\"text-align: center;\\\"><strong>Three countries, three cultures, three cuisines around the highest peak of the Alps. <\\\/strong><strong>A 7-day Tour driving an electric convertible Fiat 500 through scenic Alpine passes... <\\\/strong><\\\/h5>\\n\n\n<h4 style=\\\"text-align: center;\\\"><strong>This is the Green Mont Blanc Tour<\\\/strong><\\\/h4>\"}}]}]},{\"type\":\"row\",\"children\":[{\"type\":\"column\",\"props\":{\"position_sticky_breakpoint\":\"m\",\"image_position\":\"center-center\",\"media_overlay_gradient\":\"\"},\"children\":[{\"type\":\"image\",\"props\":{\"margin\":\"default\",\"image_svg_color\":\"emphasis\",\"image\":\"wp-content\\\/uploads\\\/2022\\\/10\\\/Cartinadelux.jpg\",\"text_align\":\"center\",\"image_box_decoration\":\"mask\"}}]}]}]},{\"type\":\"section\",\"props\":{\"style\":\"default\",\"width\":\"default\",\"vertical_align\":\"middle\",\"title_position\":\"top-left\",\"title_rotation\":\"left\",\"title_breakpoint\":\"xl\",\"image_position\":\"center-center\"},\"children\":[{\"type\":\"row\",\"children\":[{\"type\":\"column\",\"props\":{\"image_position\":\"center-center\",\"media_overlay_gradient\":\"\",\"position_sticky_breakpoint\":\"m\"},\"children\":[{\"type\":\"headline\",\"props\":{\"title_element\":\"h2\",\"content\":\"<strong>An eco-friendly dream<\\\/strong>\",\"text_align\":\"center\",\"title_style\":\"heading-medium\"}},{\"type\":\"text\",\"props\":{\"margin\":\"default\",\"column_breakpoint\":\"m\",\"content\":\"\n\n<p style=\\\"text-align: justify;\\\"><strong>Alpine Green Experience <\\\/strong>is a project whose aim is to involve each guest in a sustainable tourism journey.\\u00a0 Environmentally friendly mobility is for us the best way to visit the Alps and discover the <i><span style=\\\"font-weight: 400;\\\">Espace Mont-Blanc<\\\/span><\\\/i> territory in all its authenticity. <b>Alpine Green Experience<\\\/b> is a Tour Operator, with electric car rental licence, partnered with a range of B&amp;Bs and hotels representing at their best the Alpine culture, hospitality, gastronomy and wine traditions.\\u00a0<\\\/p>\\n\n\n<p style=\\\"text-align: justify;\\\">In 2021, thanks to the innovation Partnership <i><span style=\\\"font-weight: 400;\\\">Parcours i-tin\\u00e9rants autour du Mont-Blanc <\\\/span><\\\/i>awarding, our idea was implemented. <strong><i><span style=\\\"font-weight: 400;\\\">Parcours <\\\/span><\\\/i><\\\/strong>is a project funded on the axis 1 \\\"Applied innovation\\\" of the cross-border Cooperation Program INTERREG between France and Italy ALCOTRA 2014-2020 and has been one of the five PITER (Urban Integrated Planning) projects named <i><span style=\\\"font-weight: 400;\\\">PARCOURS, a heritage, an identity, a shared path<\\\/span><\\\/i>.\\u00a0\\u00a0<\\\/p>\\n\n\n<p style=\\\"text-align: justify;\\\"><span>The project aims at developing an interactive and innovative network of\\u00a0 players promoting a gentle fruition of the <\\\/span><i><span style=\\\"font-weight: 400;\\\">Espace Mont-Blanc <\\\/span><\\\/i><span>territory on the Italian, French and Swiss sides of the massif. The three involved territories are working to organise a new eco-friendly tourism industry on a cross-border level while promoting experiences which include sustainable and leisure mobility.\\u00a0<\\\/span><\\\/p>\\n\n\n<p><i><span style=\\\"font-weight: 400;\\\">Parcours i-tin\\u00e9rant autour du Mont-Blanc <\\\/span><\\\/i>brings together the following partners: for Aosta Valley, the leading Unit\\u00e9 des Communes Vald\\u00f4taines Grand-Combin, the Unit\\u00e9 des Communes Vald\\u00f4taines Grand-Paradis, the Unit\\u00e9 des Communes Vald\\u00f4taines Valdigne Mont-Blanc and the Aosta Valley Chamber of businesses and professions; for France, the Communaut\\u00e9 des Communes Pays du Mont-Blanc and the Communaut\\u00e9 des Communes Vall\\u00e9e de Chamonix Mont-Blanc; for Switzerland, the Canton du Valais and the Centre de Recherches Energ\\u00e9tiques et Municipales in Martigny (CREM).<\\\/p>\\n\n\n<p style=\\\"text-align: justify;\\\"><\\\/p>\"}},{\"type\":\"image\",\"props\":{\"margin\":\"default\",\"image_svg_color\":\"emphasis\",\"image\":\"wp-content\\\/uploads\\\/2022\\\/10\\\/PARCOURS2_ALCOTRA_HORIZONTAL-1.jpg\"}}]}]}],\"name\":\"Un Sogno Green\"}],\"version\":\"2.7.22\"} --><\/p>\n","protected":false},"excerpt":{"rendered":"<p>. A unique and eco-friendly experience in three countries around Mont Blanc\u00a0 Alpine Green Experience We are a DMC (Destination\u00a0 Management Company) who offers an innovative tourism product in the Alps around Mont Blanc\u00a0 We are here to help you with the professional organisation of a safe, eco-friendly and evocative holiday Green mobility with our [&hellip;]<\/p>\n","protected":false},"author":1,"featured_media":0,"parent":0,"menu_order":0,"comment_status":"closed","ping_status":"closed","template":"","meta":{"_seopress_robots_primary_cat":"","_seopress_titles_title":"Home page | Experience Vall\u00e9e d'Aoste","_seopress_titles_desc":"Green Valle d'Aoste, l'estate in montagna autentica e sostenibile. Tutta l'autenticit\u00e0 della Valle d'Aosta tra cultura, territorio, eno-gastronomia e sostenibilit\u00e0.","_seopress_robots_index":"","_themeisle_gutenberg_block_has_review":false,"footnotes":""},"class_list":["post-5649","page","type-page","status-publish","hentry"],"_links":{"self":[{"href":"https:\/\/www.alpinegreenexperience.com\/en\/wp-json\/wp\/v2\/pages\/5649","targetHints":{"allow":["GET"]}}],"collection":[{"href":"https:\/\/www.alpinegreenexperience.com\/en\/wp-json\/wp\/v2\/pages"}],"about":[{"href":"https:\/\/www.alpinegreenexperience.com\/en\/wp-json\/wp\/v2\/types\/page"}],"author":[{"embeddable":true,"href":"https:\/\/www.alpinegreenexperience.com\/en\/wp-json\/wp\/v2\/users\/1"}],"replies":[{"embeddable":true,"href":"https:\/\/www.alpinegreenexperience.com\/en\/wp-json\/wp\/v2\/comments?post=5649"}],"version-history":[{"count":47,"href":"https:\/\/www.alpinegreenexperience.com\/en\/wp-json\/wp\/v2\/pages\/5649\/revisions"}],"predecessor-version":[{"id":6306,"href":"https:\/\/www.alpinegreenexperience.com\/en\/wp-json\/wp\/v2\/pages\/5649\/revisions\/6306"}],"wp:attachment":[{"href":"https:\/\/www.alpinegreenexperience.com\/en\/wp-json\/wp\/v2\/media?parent=5649"}],"curies":[{"name":"wp","href":"https:\/\/api.w.org\/{rel}","templated":true}]}}