{"id":5603,"date":"2022-10-11T17:13:44","date_gmt":"2022-10-11T15:13:44","guid":{"rendered":"https:\/\/www.alpinegreenexperience.com\/vallee-daoste\/colle-forclaz\/"},"modified":"2024-12-03T14:54:28","modified_gmt":"2024-12-03T13:54:28","slug":"colle-forclaz","status":"publish","type":"page","link":"https:\/\/www.alpinegreenexperience.com\/fr\/colle-forclaz\/","title":{"rendered":"Colle Forclaz"},"content":{"rendered":"<h1>.<\/h1>\n<div>\n<h3 style=\"text-align: center;\"><strong>Col de la Forclaz\u00a0<\/strong><\/h3>\n<p style=\"text-align: justify;\"><span style=\"font-weight: 400;\">Le long de la route qui relie la France et la Suisse \u00e0 travers le Col de la Forclaz, vous vous trouverez dans le terroir montagneux de la Vall\u00e9e du Trient, une vall\u00e9e au coeur de l\u2019<i>Espace Mont Blanc <\/i>et un lieu tout \u00e0 d\u00e9couvrir. Sa nature est pr\u00e9serv\u00e9e et le panorama est incroyable. Ses villages sont riches en histoire et l\u2019accueil de ses habitants montre qu\u2019il ne s\u2019agit pas que d\u2019un lieu de passage mais d&rsquo;une vall\u00e9e \u00e0 ne pas rater. Comprenant les villages de <\/span><span style=\"font-weight: 400;\">Vernayaz, Salvan-Les Mar\u00e9cottes, Finhaut-Emosson, Trient-Col de la Forclaz et Vallorcine, la vall\u00e9e est enti\u00e8rement connect\u00e9e par l\u2019extraordinaire chemin de fer du <strong>Mont Blanc Express<\/strong>. <\/span><\/p>\n<\/div>\n<hr>\n<p><img decoding=\"async\" src=\"\/wp-content\/uploads\/2022\/10\/Colle-forclaz.jpg\" alt=\"\"><\/p>\n<div>\n<h4 style=\"text-align: left;\">Parcours de 132 km et une dur\u00e9e totale d&rsquo;environ 3 heures<\/h4>\n<\/div>\n<hr>\n<div>\n<p>    <img decoding=\"async\" src=\"\/wp-content\/uploads\/2022\/10\/svizzera-1.jpg\" alt=\"\"><\/p>\n<h4>Restaurant Drapeau Suisse<\/h4>\n<div>\n<p><span style=\"font-weight: 400;\">Ce restaurant qui propose une cuisine typique se situe \u00e0 8 km de Martigny et 24 km de Chamonix. Il est g\u00e9r\u00e9 par le propri\u00e9taire et sa famille et offre une ambiance conviviale avec des plats de haute qualit\u00e9.\u00a0<\/span><\/p>\n<\/div>\n<\/div>\n<hr>\n<p><!--more--><br \/>\n<!-- {\"name\":\"Tips\",\"type\":\"layout\",\"children\":[{\"name\":\"Copertina\",\"type\":\"section\",\"props\":{\"style\":\"default\",\"width\":\"large\",\"vertical_align\":\"middle\",\"title_position\":\"top-left\",\"title_rotation\":\"left\",\"title_breakpoint\":\"xl\",\"image_position\":\"center-center\",\"height\":\"percent\",\"image\":\"wp-content\\\/uploads\\\/2022\\\/10\\\/col-de-la-forclaz-2.jpg\",\"text_color\":\"light\",\"image_size\":\"cover\",\"image_effect\":\"parallax\",\"image_width\":\"2560\",\"overlap\":true,\"image_parallax_breakpoint\":\"m\",\"image_parallax_bgy_start\":\"-100\",\"image_parallax_bgy_end\":\"100\",\"video\":\"\",\"video_width\":\"1000\"},\"children\":[{\"name\":\"\",\"type\":\"row\",\"children\":[{\"name\":\"\",\"type\":\"column\",\"props\":{\"image_position\":\"center-center\",\"width_medium\":\"1-1\",\"media_overlay_gradient\":\"\",\"position_sticky_breakpoint\":\"m\"},\"children\":[{\"name\":\"\",\"type\":\"headline\",\"props\":{\"title_element\":\"h1\",\"title_style\":\"heading-xlarge\",\"text_align\":\"center\",\"content\":\".\",\"margin_remove_top\":true}}]}]}]},{\"name\":\"Intro + gallery\",\"type\":\"section\",\"props\":{\"style\":\"default\",\"width\":\"\",\"vertical_align\":\"middle\",\"title_position\":\"top-left\",\"title_rotation\":\"left\",\"title_breakpoint\":\"xl\",\"image_position\":\"bottom-center\",\"padding\":\"small\",\"image\":\"\",\"image_effect\":\"parallax\",\"title\":\"\",\"padding_remove_bottom\":false,\"padding_remove_top\":false,\"image_width\":\"900\",\"css\":\".el-section > * { background-position: 35% 90%; }\",\"image_parallax_breakpoint\":\"m\",\"image_parallax_bgy_start\":\"100\",\"media_visibility\":\"s\"},\"children\":[{\"name\":\"\",\"type\":\"row\",\"props\":{\"width\":\"large\",\"margin\":\"large\"},\"children\":[{\"name\":\"\",\"type\":\"column\",\"props\":{\"image_position\":\"center-center\",\"media_overlay_gradient\":\"\",\"width_medium\":\"\",\"position_sticky_breakpoint\":\"m\"},\"children\":[{\"name\":\"\",\"type\":\"text\",\"props\":{\"margin\":\"default\",\"column_breakpoint\":\"m\",\"animation\":\"none\",\"content\":\"\n\n<h3 style=\\\"text-align: center;\\\"><strong>Col de la Forclaz\\u00a0<\\\/strong><\\\/h3>\\n\n\n<p style=\\\"text-align: justify;\\\"><span style=\\\"font-weight: 400;\\\">Le long de la route qui relie la France et la Suisse \\u00e0 travers le Col de la Forclaz, vous vous trouverez dans le terroir montagneux de la Vall\\u00e9e du Trient, une vall\\u00e9e au coeur de l\\u2019<i>Espace Mont Blanc <\\\/i>et un lieu tout \\u00e0 d\\u00e9couvrir. Sa nature est pr\\u00e9serv\\u00e9e et le panorama est incroyable. Ses villages sont riches en histoire et l\\u2019accueil de ses habitants montre qu\\u2019il ne s\\u2019agit pas que d\\u2019un lieu de passage mais d'une vall\\u00e9e \\u00e0 ne pas rater. Comprenant les villages de <\\\/span><span style=\\\"font-weight: 400;\\\">Vernayaz, Salvan-Les Mar\\u00e9cottes, Finhaut-Emosson, Trient-Col de la Forclaz et Vallorcine, la vall\\u00e9e est enti\\u00e8rement connect\\u00e9e par l\\u2019extraordinaire chemin de fer du <strong>Mont Blanc Express<\\\/strong>. <\\\/span><\\\/p>\",\"parallax_breakpoint\":\"m\",\"parallax_y_start\":\"50\",\"parallax_y_end\":\"-50\",\"block_align\":\"center\",\"margin_remove_top\":false,\"text_align\":\"justify\"}},{\"type\":\"divider\",\"props\":{\"divider_element\":\"hr\"}},{\"type\":\"image\",\"props\":{\"margin\":\"default\",\"image_svg_color\":\"emphasis\",\"image\":\"wp-content\\\/uploads\\\/2022\\\/10\\\/Colle-forclaz.jpg\",\"text_align\":\"center\"}},{\"type\":\"text\",\"props\":{\"margin\":\"default\",\"column_breakpoint\":\"m\",\"content\":\"\n\n<h4 style=\\\"text-align: left;\\\">Parcours de 132 km et une dur\\u00e9e totale d'environ 3 heures<\\\/h4>\"}},{\"type\":\"divider\",\"props\":{\"divider_element\":\"hr\"}},{\"type\":\"grid\",\"props\":{\"show_title\":true,\"show_meta\":true,\"show_content\":true,\"show_image\":true,\"show_link\":true,\"grid_default\":\"1\",\"grid_medium\":\"3\",\"filter_style\":\"tab\",\"filter_all\":true,\"filter_position\":\"top\",\"filter_align\":\"left\",\"filter_grid_width\":\"auto\",\"filter_grid_breakpoint\":\"m\",\"title_hover_style\":\"reset\",\"title_element\":\"h4\",\"title_align\":\"top\",\"title_grid_width\":\"1-2\",\"title_grid_breakpoint\":\"m\",\"meta_style\":\"meta\",\"meta_align\":\"below-title\",\"meta_element\":\"div\",\"content_column_breakpoint\":\"m\",\"icon_width\":80,\"image_align\":\"between\",\"image_grid_width\":\"1-2\",\"image_grid_breakpoint\":\"m\",\"image_svg_color\":\"emphasis\",\"link_text\":\"Read more\",\"link_style\":\"default\",\"margin\":\"remove-vertical\",\"item_animation\":false,\"grid_divider\":false,\"grid_masonry\":false,\"content_column\":\"\",\"position_left\":\"140\",\"margin_remove_top\":true,\"container_padding_remove\":false,\"link_fullwidth\":false,\"image_border\":\"pill\",\"image_box_decoration\":\"shadow\",\"margin_remove_bottom\":true,\"animation\":\"none\",\"title_link\":false,\"title_style\":\"h3\",\"lightbox\":false,\"image_width\":\"400\",\"image_height\":\"300\",\"title_color\":\"danger\"},\"children\":[{\"type\":\"grid_item\",\"props\":{\"title\":\"Restaurant Drapeau Suisse\",\"content\":\"\n\n<p><span style=\\\"font-weight: 400;\\\">Ce restaurant qui propose une cuisine typique se situe \\u00e0 8 km de Martigny et 24 km de Chamonix. Il est g\\u00e9r\\u00e9 par le propri\\u00e9taire et sa famille et offre une ambiance conviviale avec des plats de haute qualit\\u00e9.\\u00a0<\\\/span><\\\/p>\",\"image\":\"wp-content\\\/uploads\\\/2022\\\/10\\\/svizzera-1.jpg\",\"meta\":\"\",\"panel_style\":\"tile-primary\"}}]},{\"type\":\"divider\",\"props\":{\"divider_element\":\"hr\"}}]}]},{\"name\":\"\",\"type\":\"row\",\"props\":{\"margin_remove_bottom\":false},\"children\":[{\"name\":\"\",\"type\":\"column\",\"props\":{\"image_position\":\"center-center\",\"width_medium\":\"1-1\",\"media_overlay_gradient\":\"\",\"position_sticky_breakpoint\":\"m\"},\"children\":[]}]}]}],\"version\":\"2.7.22\"} --><\/p>\n","protected":false},"excerpt":{"rendered":"<p>. Col de la Forclaz\u00a0 Le long de la route qui relie la France et la Suisse \u00e0 travers le Col de la Forclaz, vous vous trouverez dans le terroir montagneux de la Vall\u00e9e du Trient, une vall\u00e9e au coeur de l\u2019Espace Mont Blanc et un lieu tout \u00e0 d\u00e9couvrir. Sa nature est pr\u00e9serv\u00e9e et [&hellip;]<\/p>\n","protected":false},"author":2,"featured_media":0,"parent":0,"menu_order":0,"comment_status":"closed","ping_status":"closed","template":"","meta":{"_seopress_robots_primary_cat":"","_seopress_titles_title":"Cogne - Valle d&#039;Aosta | Green Experience Vall\u00e9e d&#039;Aoste","_seopress_titles_desc":"Affacciata sull\u2019ampio prato di Sant\u2019Orso, Cogne sorge a 1.544 metri di altitudine nel cuore del Parco Nazionale del Gran Paradiso, l\u2019area protetta pi\u00f9 antica d\u2019Italia.","_seopress_robots_index":"","_themeisle_gutenberg_block_has_review":false,"footnotes":""},"class_list":["post-5603","page","type-page","status-publish","hentry"],"_links":{"self":[{"href":"https:\/\/www.alpinegreenexperience.com\/fr\/wp-json\/wp\/v2\/pages\/5603","targetHints":{"allow":["GET"]}}],"collection":[{"href":"https:\/\/www.alpinegreenexperience.com\/fr\/wp-json\/wp\/v2\/pages"}],"about":[{"href":"https:\/\/www.alpinegreenexperience.com\/fr\/wp-json\/wp\/v2\/types\/page"}],"author":[{"embeddable":true,"href":"https:\/\/www.alpinegreenexperience.com\/fr\/wp-json\/wp\/v2\/users\/2"}],"replies":[{"embeddable":true,"href":"https:\/\/www.alpinegreenexperience.com\/fr\/wp-json\/wp\/v2\/comments?post=5603"}],"version-history":[{"count":3,"href":"https:\/\/www.alpinegreenexperience.com\/fr\/wp-json\/wp\/v2\/pages\/5603\/revisions"}],"predecessor-version":[{"id":6175,"href":"https:\/\/www.alpinegreenexperience.com\/fr\/wp-json\/wp\/v2\/pages\/5603\/revisions\/6175"}],"wp:attachment":[{"href":"https:\/\/www.alpinegreenexperience.com\/fr\/wp-json\/wp\/v2\/media?parent=5603"}],"curies":[{"name":"wp","href":"https:\/\/api.w.org\/{rel}","templated":true}]}}